{"id":1601,"date":"2019-10-23T09:46:00","date_gmt":"2019-10-23T08:46:00","guid":{"rendered":"http:\/\/eie.robertoquiros.es\/?page_id=1601"},"modified":"2024-03-14T08:20:19","modified_gmt":"2024-03-14T07:20:19","slug":"35-habilidades-comunicativas","status":"publish","type":"page","link":"https:\/\/eie.robertoquiros.es\/?page_id=1601","title":{"rendered":"35 Habilidades comunicativas"},"content":{"rendered":"\n<p>Comunicaci\u00f3n asertiva<br>Saludo, entrar en una sala.<br>Hacer llamadas telef\u00f3nicas, responder llamadas.<br>Vestuario, aseo.<\/p>\n\n\n\n<div class=\"wp-block-file\"><a id=\"wp-block-file--media-c232aee7-0807-414a-b7be-0b826b9b6287\" href=\"http:\/\/eie.robertoquiros.es\/wp-content\/uploads\/2019\/10\/lenguaje_corporal_entrevista_de_trabajo.jpg\">Lenguaje corporal en la entrevista de trabajo<\/a><a href=\"http:\/\/eie.robertoquiros.es\/wp-content\/uploads\/2019\/10\/lenguaje_corporal_entrevista_de_trabajo.jpg\" class=\"wp-block-file__button wp-element-button\" download aria-describedby=\"wp-block-file--media-c232aee7-0807-414a-b7be-0b826b9b6287\">Descarga<\/a><\/div>\n\n\n\n<div class=\"wp-block-file\"><a id=\"wp-block-file--media-33d0ac89-7704-455e-9260-737650ddcd4d\" href=\"http:\/\/eie.robertoquiros.es\/wp-content\/uploads\/2019\/10\/Consejosparalaexposicionoral.pdf\">Consejos para la exposicion oral<\/a><a href=\"http:\/\/eie.robertoquiros.es\/wp-content\/uploads\/2019\/10\/Consejosparalaexposicionoral.pdf\" class=\"wp-block-file__button wp-element-button\" download aria-describedby=\"wp-block-file--media-33d0ac89-7704-455e-9260-737650ddcd4d\">Descarga<\/a><\/div>\n\n\n\n<figure class=\"wp-block-embed is-type-video is-provider-youtube wp-block-embed-youtube wp-embed-aspect-4-3 wp-has-aspect-ratio\"><div class=\"wp-block-embed__wrapper\">\n<iframe loading=\"lazy\" title=\"C\u00f3mo hablar en publico\" width=\"640\" height=\"480\" src=\"https:\/\/www.youtube.com\/embed\/rELdPiQ4XIk?feature=oembed\" frameborder=\"0\" allow=\"accelerometer; autoplay; clipboard-write; encrypted-media; gyroscope; picture-in-picture; web-share\" referrerpolicy=\"strict-origin-when-cross-origin\" allowfullscreen><\/iframe>\n<\/div><\/figure>\n\n\n\n<p><a href=\"http:\/\/eie.robertoquiros.es\/wp-content\/uploads\/2019\/10\/Plantilla_evaluacion_Exposicion_Oral.xls\" target=\"_blank\" rel=\"noopener noreferrer\">Plantilla para evaluaci\u00f3n de exposici\u00f3n oral<\/a><img loading=\"lazy\" decoding=\"async\" class=\" wp-image-626 alignnone\" src=\"http:\/\/eie.robertoquiros.es\/wp-content\/uploads\/2015\/02\/icono-excel.png\" alt=\"\" width=\"29\" height=\"39\"><\/p>\n<p>Tarea: presentar en p\u00fablico el proyecto de empresa. Puntuaci\u00f3n 0,47<\/p>\n\n\n\n<p>Cuestiones a plantear en la presentaci\u00f3n de tu proyecto:<\/p>\n\n\n\n<ol class=\"wp-block-list\">\n<li>\u00bfA qu\u00e9 se dedica tu empresa?<\/li>\n\n\n\n<li>\u00bfD\u00f3nde va a estar localizada?<\/li>\n\n\n\n<li>\u00bfCu\u00e1l es la inversi\u00f3n necesaria?<\/li>\n\n\n\n<li>\u00bfLlevar\u00edas a cabo este proyecto en la vida real?\u00bfPor qu\u00e9?<\/li>\n<\/ol>\n","protected":false},"excerpt":{"rendered":"<p>Comunicaci\u00f3n asertivaSaludo, entrar en una sala.Hacer llamadas telef\u00f3nicas, responder llamadas.Vestuario, aseo. Plantilla para evaluaci\u00f3n de exposici\u00f3n oral Tarea: presentar en p\u00fablico el proyecto de empresa. Puntuaci\u00f3n 0,47 Cuestiones a plantear en la presentaci\u00f3n de tu proyecto:<\/p>\n","protected":false},"author":1,"featured_media":0,"parent":1461,"menu_order":35,"comment_status":"closed","ping_status":"closed","template":"","meta":{"footnotes":""},"class_list":["post-1601","page","type-page","status-publish","hentry"],"_links":{"self":[{"href":"https:\/\/eie.robertoquiros.es\/index.php?rest_route=\/wp\/v2\/pages\/1601","targetHints":{"allow":["GET"]}}],"collection":[{"href":"https:\/\/eie.robertoquiros.es\/index.php?rest_route=\/wp\/v2\/pages"}],"about":[{"href":"https:\/\/eie.robertoquiros.es\/index.php?rest_route=\/wp\/v2\/types\/page"}],"author":[{"embeddable":true,"href":"https:\/\/eie.robertoquiros.es\/index.php?rest_route=\/wp\/v2\/users\/1"}],"replies":[{"embeddable":true,"href":"https:\/\/eie.robertoquiros.es\/index.php?rest_route=%2Fwp%2Fv2%2Fcomments&post=1601"}],"version-history":[{"count":5,"href":"https:\/\/eie.robertoquiros.es\/index.php?rest_route=\/wp\/v2\/pages\/1601\/revisions"}],"predecessor-version":[{"id":1799,"href":"https:\/\/eie.robertoquiros.es\/index.php?rest_route=\/wp\/v2\/pages\/1601\/revisions\/1799"}],"up":[{"embeddable":true,"href":"https:\/\/eie.robertoquiros.es\/index.php?rest_route=\/wp\/v2\/pages\/1461"}],"wp:attachment":[{"href":"https:\/\/eie.robertoquiros.es\/index.php?rest_route=%2Fwp%2Fv2%2Fmedia&parent=1601"}],"curies":[{"name":"wp","href":"https:\/\/api.w.org\/{rel}","templated":true}]}}