{"id":1591,"date":"2019-10-23T09:26:04","date_gmt":"2019-10-23T08:26:04","guid":{"rendered":"http:\/\/eie.robertoquiros.es\/?page_id=1591"},"modified":"2023-08-09T12:31:33","modified_gmt":"2023-08-09T11:31:33","slug":"31-financiacion","status":"publish","type":"page","link":"https:\/\/eie.robertoquiros.es\/?page_id=1591","title":{"rendered":"31 Financiaci\u00f3n y subvenciones"},"content":{"rendered":"<p>1\u00ba Dinero a financiar= Inversiones(apartado 19) + Costes Fijos de 1 mes + Costes Variables de 1 mes (apartado 26)<\/p>\n<p>2\u00ba Condiciones de la financiaci\u00f3n<\/p>\n<p>Tipo de inter\u00e9s ; plazo de pago de la financiaci\u00f3n<\/p>\n<p>Busca en Internet las condiciones de un prestamo. Enlaza el sitio donde sacaste la informaci\u00f3n.<\/p>\n<p>3\u00ba Simulaci\u00f3n del prestamo<\/p>\n<p>Calcula la tabla de amortizaci\u00f3n del prestamo en&#8230;<\/p>\n<p><a href=\"https:\/\/www.adicae.net\/simulador-credito.html\" target=\"_blank\" rel=\"noopener noreferrer\">https:\/\/www.adicae.net\/simulador-credito.html<\/a><\/p>\n<p>Vuelca la tabla de amortizaci\u00f3n en tu resumen-documento<\/p>\n<p>4\u00ba Subvenciones del Plan Leader(Ticket rural)<\/p>\n<p><a href=\"http:\/\/www.ese-entrecabos.com\/\" target=\"_blank\" rel=\"noopener\">http:\/\/www.ese-entrecabos.com\/<\/a><\/p>\n<p><a href=\"http:\/\/eie.robertoquiros.es\/wp-content\/uploads\/2021\/03\/folleto_ayudas_leader.pdf\" target=\"_blank\" rel=\"noopener\">Folleto_ayudas_leader(pdf)<\/a><\/p>\n<p><a href=\"https:\/\/www.pap.hacienda.gob.es\/bdnstrans\/es\/index\" target=\"_blank\" rel=\"noopener\">Buscador de subvenciones<img loading=\"lazy\" decoding=\"async\" class=\" wp-image-629 alignnone\" src=\"https:\/\/eie.robertoquiros.es\/wp-content\/uploads\/2015\/02\/icono-mozilla2.png\" alt=\"\" width=\"29\" height=\"29\" \/><\/a><\/p>\n<p>Resume todo lo anterior. Si encontrantes algo sobre subvenciones, incluyelo. Subelo al cuaderno(.doc)<\/p>\n<p>Tarea puntuaci\u00f3n 0,14<\/p>\n","protected":false},"excerpt":{"rendered":"<p>1\u00ba Dinero a financiar= Inversiones(apartado 19) + Costes Fijos de 1 mes + Costes Variables de 1 mes (apartado 26) 2\u00ba Condiciones de la financiaci\u00f3n Tipo de inter\u00e9s ; plazo de pago de la financiaci\u00f3n Busca en Internet las condiciones &hellip; <a href=\"https:\/\/eie.robertoquiros.es\/?page_id=1591\">Sigue leyendo <span class=\"meta-nav\">&rarr;<\/span><\/a><\/p>\n","protected":false},"author":1,"featured_media":0,"parent":1459,"menu_order":31,"comment_status":"closed","ping_status":"closed","template":"","meta":{"footnotes":""},"class_list":["post-1591","page","type-page","status-publish","hentry"],"_links":{"self":[{"href":"https:\/\/eie.robertoquiros.es\/index.php?rest_route=\/wp\/v2\/pages\/1591","targetHints":{"allow":["GET"]}}],"collection":[{"href":"https:\/\/eie.robertoquiros.es\/index.php?rest_route=\/wp\/v2\/pages"}],"about":[{"href":"https:\/\/eie.robertoquiros.es\/index.php?rest_route=\/wp\/v2\/types\/page"}],"author":[{"embeddable":true,"href":"https:\/\/eie.robertoquiros.es\/index.php?rest_route=\/wp\/v2\/users\/1"}],"replies":[{"embeddable":true,"href":"https:\/\/eie.robertoquiros.es\/index.php?rest_route=%2Fwp%2Fv2%2Fcomments&post=1591"}],"version-history":[{"count":7,"href":"https:\/\/eie.robertoquiros.es\/index.php?rest_route=\/wp\/v2\/pages\/1591\/revisions"}],"predecessor-version":[{"id":1793,"href":"https:\/\/eie.robertoquiros.es\/index.php?rest_route=\/wp\/v2\/pages\/1591\/revisions\/1793"}],"up":[{"embeddable":true,"href":"https:\/\/eie.robertoquiros.es\/index.php?rest_route=\/wp\/v2\/pages\/1459"}],"wp:attachment":[{"href":"https:\/\/eie.robertoquiros.es\/index.php?rest_route=%2Fwp%2Fv2%2Fmedia&parent=1591"}],"curies":[{"name":"wp","href":"https:\/\/api.w.org\/{rel}","templated":true}]}}