{"id":1543,"date":"2019-10-22T10:01:07","date_gmt":"2019-10-22T09:01:07","guid":{"rendered":"http:\/\/eie.robertoquiros.es\/?page_id=1543"},"modified":"2023-05-19T09:14:51","modified_gmt":"2023-05-19T08:14:51","slug":"23-personal-ii","status":"publish","type":"page","link":"https:\/\/eie.robertoquiros.es\/?page_id=1543","title":{"rendered":"23 Personal II"},"content":{"rendered":"\n<p><strong>1\u00ba Convenio Colectivo aplicable<\/strong><\/p>\n<p><a href=\"https:\/\/expinterweb.mites.gob.es\/regcon\/pub\/consultaPublicaEstatal\" target=\"_blank\" rel=\"noopener\">Buscalo<\/a> y subelo al cuaderno digital(.pdf)<\/p>\n<p>\u00a0<\/p>\n<p><strong>2\u00ba Hay que calcular el coste de cada tipo de trabajador<\/strong> que tengas en la empresa y subir cada xls(uno por cada tipo de trabajador) que generes al cuaderno.<\/p>\n<p><a href=\"https:\/\/eie.robertoquiros.es\/wp-content\/uploads\/2022\/12\/calculo-de-coste-del-trabajador.xls\" target=\"_blank\" rel=\"noopener noreferrer\">Calculo del coste del trabajador<img loading=\"lazy\" decoding=\"async\" class=\" wp-image-626 alignnone\" src=\"http:\/\/eie.robertoquiros.es\/wp-content\/uploads\/2015\/02\/icono-excel.png\" alt=\"\" width=\"31\" height=\"42\" \/><\/a><\/p>\n<p><a href=\"https:\/\/eie.robertoquiros.es\/wp-content\/uploads\/2023\/05\/TarifaprimasRDley28_2018.pdf\">Tarifa+primas+RDley+28_2018<\/a><img loading=\"lazy\" decoding=\"async\" class=\" wp-image-630 alignnone\" src=\"https:\/\/eie.robertoquiros.es\/wp-content\/uploads\/2015\/02\/icono-pdf.png\" alt=\"\" width=\"25\" height=\"37\" \/> las vas a necesitar para calcular el coste de cada trabajador.<\/p>\n<p>\u00a0<\/p>\n<div class=\"n module-type-downloadDocument diyfeLiveArea \">\n<div class=\"clearover\">\n<p class=\"leftDownload\"><strong>3\u00ba Calcular el coste de tu cotizaci\u00f3n a Aut\u00f3nomos<\/strong><\/p>\n<\/div>\n<p>Tienes que decidir cuales ser\u00e1n tus rendimientos netos mensuales y sobre esa estimaci\u00f3n cotizar a la Seguridad Social. Al final de a\u00f1o se regulariza en funci\u00f3n de los rendimientos netos reales obtenidos, si te quedaste corto en tus previsiones abonar\u00e1s la diferenc\u00eda, si te pasaste te devolver\u00e1n la diferenc\u00eda.<\/p>\n<p>Para dar una cifra mensual de cotizaci\u00f3n a la S.S. :<\/p>\n<p><a href=\"https:\/\/portal.seg-social.gob.es\/wps\/portal\/importass\/importass\/tramites\/simuladorRETAPublico\" target=\"_blank\" rel=\"noopener\">Simulador Aut\u00f3nomos<img loading=\"lazy\" decoding=\"async\" class=\"wp-image-629 alignnone\" src=\"https:\/\/eie.robertoquiros.es\/wp-content\/uploads\/2015\/02\/icono-mozilla2.png\" alt=\"\" width=\"30\" height=\"30\" \/><\/a><\/p>\n<p>Sube todo a tu cuaderno.<\/p>\n<p>Tarea puntuaci\u00f3n 0,47<\/p>\n<\/div>\n","protected":false},"excerpt":{"rendered":"<p>1\u00ba Convenio Colectivo aplicable Buscalo y subelo al cuaderno digital(.pdf) \u00a0 2\u00ba Hay que calcular el coste de cada tipo de trabajador que tengas en la empresa y subir cada xls(uno por cada tipo de trabajador) que generes al cuaderno. &hellip; <a href=\"https:\/\/eie.robertoquiros.es\/?page_id=1543\">Sigue leyendo <span class=\"meta-nav\">&rarr;<\/span><\/a><\/p>\n","protected":false},"author":1,"featured_media":0,"parent":1457,"menu_order":23,"comment_status":"closed","ping_status":"closed","template":"","meta":{"footnotes":""},"class_list":["post-1543","page","type-page","status-publish","hentry"],"_links":{"self":[{"href":"https:\/\/eie.robertoquiros.es\/index.php?rest_route=\/wp\/v2\/pages\/1543","targetHints":{"allow":["GET"]}}],"collection":[{"href":"https:\/\/eie.robertoquiros.es\/index.php?rest_route=\/wp\/v2\/pages"}],"about":[{"href":"https:\/\/eie.robertoquiros.es\/index.php?rest_route=\/wp\/v2\/types\/page"}],"author":[{"embeddable":true,"href":"https:\/\/eie.robertoquiros.es\/index.php?rest_route=\/wp\/v2\/users\/1"}],"replies":[{"embeddable":true,"href":"https:\/\/eie.robertoquiros.es\/index.php?rest_route=%2Fwp%2Fv2%2Fcomments&post=1543"}],"version-history":[{"count":13,"href":"https:\/\/eie.robertoquiros.es\/index.php?rest_route=\/wp\/v2\/pages\/1543\/revisions"}],"predecessor-version":[{"id":1790,"href":"https:\/\/eie.robertoquiros.es\/index.php?rest_route=\/wp\/v2\/pages\/1543\/revisions\/1790"}],"up":[{"embeddable":true,"href":"https:\/\/eie.robertoquiros.es\/index.php?rest_route=\/wp\/v2\/pages\/1457"}],"wp:attachment":[{"href":"https:\/\/eie.robertoquiros.es\/index.php?rest_route=%2Fwp%2Fv2%2Fmedia&parent=1543"}],"curies":[{"name":"wp","href":"https:\/\/api.w.org\/{rel}","templated":true}]}}