{"id":1521,"date":"2019-10-22T09:08:42","date_gmt":"2019-10-22T08:08:42","guid":{"rendered":"http:\/\/eie.robertoquiros.es\/?page_id=1521"},"modified":"2019-10-22T09:15:59","modified_gmt":"2019-10-22T08:15:59","slug":"19-inversiones","status":"publish","type":"page","link":"https:\/\/eie.robertoquiros.es\/?page_id=1521","title":{"rendered":"19 Inversiones"},"content":{"rendered":"\n<p>Terrenos, edificios, maquinaria, veh\u00edculos, herramientas, mobiliario, ordenadores, programas inform\u00e1ticos. Caracter\u00edsticas de todos, coste y a\u00f1os de vida \u00fatil. <\/p>\n<p><a href=\"http:\/\/eie.robertoquiros.es\/wp-content\/uploads\/2019\/10\/CFCVCTPRECIOS.xls\" target=\"_blank\" rel=\"noopener noreferrer\">Cubrir hoja de INVERSION INICIAL subirla al SITE<\/a><img loading=\"lazy\" decoding=\"async\" class=\"wp-image-626 alignnone\" src=\"http:\/\/eie.robertoquiros.es\/wp-content\/uploads\/2015\/02\/icono-excel.png\" alt=\"\" width=\"30\" height=\"41\" \/><\/p>\n<p>Tarea puntuaci\u00f3n 0,47<\/p>\n","protected":false},"excerpt":{"rendered":"<p>Terrenos, edificios, maquinaria, veh\u00edculos, herramientas, mobiliario, ordenadores, programas inform\u00e1ticos. Caracter\u00edsticas de todos, coste y a\u00f1os de vida \u00fatil. Cubrir hoja de INVERSION INICIAL subirla al SITE Tarea puntuaci\u00f3n 0,47<\/p>\n","protected":false},"author":1,"featured_media":0,"parent":1457,"menu_order":19,"comment_status":"closed","ping_status":"closed","template":"","meta":{"footnotes":""},"class_list":["post-1521","page","type-page","status-publish","hentry"],"_links":{"self":[{"href":"https:\/\/eie.robertoquiros.es\/index.php?rest_route=\/wp\/v2\/pages\/1521","targetHints":{"allow":["GET"]}}],"collection":[{"href":"https:\/\/eie.robertoquiros.es\/index.php?rest_route=\/wp\/v2\/pages"}],"about":[{"href":"https:\/\/eie.robertoquiros.es\/index.php?rest_route=\/wp\/v2\/types\/page"}],"author":[{"embeddable":true,"href":"https:\/\/eie.robertoquiros.es\/index.php?rest_route=\/wp\/v2\/users\/1"}],"replies":[{"embeddable":true,"href":"https:\/\/eie.robertoquiros.es\/index.php?rest_route=%2Fwp%2Fv2%2Fcomments&post=1521"}],"version-history":[{"count":4,"href":"https:\/\/eie.robertoquiros.es\/index.php?rest_route=\/wp\/v2\/pages\/1521\/revisions"}],"predecessor-version":[{"id":1526,"href":"https:\/\/eie.robertoquiros.es\/index.php?rest_route=\/wp\/v2\/pages\/1521\/revisions\/1526"}],"up":[{"embeddable":true,"href":"https:\/\/eie.robertoquiros.es\/index.php?rest_route=\/wp\/v2\/pages\/1457"}],"wp:attachment":[{"href":"https:\/\/eie.robertoquiros.es\/index.php?rest_route=%2Fwp%2Fv2%2Fmedia&parent=1521"}],"curies":[{"name":"wp","href":"https:\/\/api.w.org\/{rel}","templated":true}]}}