{"id":1503,"date":"2019-10-22T08:25:40","date_gmt":"2019-10-22T07:25:40","guid":{"rendered":"http:\/\/eie.robertoquiros.es\/?page_id=1503"},"modified":"2019-10-22T08:27:54","modified_gmt":"2019-10-22T07:27:54","slug":"13-seleccion-definitiva-del-producto","status":"publish","type":"page","link":"https:\/\/eie.robertoquiros.es\/?page_id=1503","title":{"rendered":"13 Selecci\u00f3n definitiva del producto"},"content":{"rendered":"\n<p>Completa este archivo y s\u00fabelo a tu Site&#8230;<\/p>\n<p><a href=\"http:\/\/eie.robertoquiros.es\/wp-content\/uploads\/2019\/10\/Guion-punto-13.doc\" target=\"_blank\" rel=\"noopener noreferrer\">Gui\u00f3n punto 13<\/a> <img loading=\"lazy\" decoding=\"async\" class=\" wp-image-632 alignnone\" src=\"http:\/\/eie.robertoquiros.es\/wp-content\/uploads\/2015\/02\/icono-word.png\" alt=\"\" width=\"29\" height=\"39\" \/><\/p>\n<p>Tarea puntuaci\u00f3n 0,20 puntos<\/p>\n","protected":false},"excerpt":{"rendered":"<p>Completa este archivo y s\u00fabelo a tu Site&#8230; Gui\u00f3n punto 13 Tarea puntuaci\u00f3n 0,20 puntos<\/p>\n","protected":false},"author":1,"featured_media":0,"parent":1454,"menu_order":13,"comment_status":"closed","ping_status":"closed","template":"","meta":{"footnotes":""},"class_list":["post-1503","page","type-page","status-publish","hentry"],"_links":{"self":[{"href":"https:\/\/eie.robertoquiros.es\/index.php?rest_route=\/wp\/v2\/pages\/1503","targetHints":{"allow":["GET"]}}],"collection":[{"href":"https:\/\/eie.robertoquiros.es\/index.php?rest_route=\/wp\/v2\/pages"}],"about":[{"href":"https:\/\/eie.robertoquiros.es\/index.php?rest_route=\/wp\/v2\/types\/page"}],"author":[{"embeddable":true,"href":"https:\/\/eie.robertoquiros.es\/index.php?rest_route=\/wp\/v2\/users\/1"}],"replies":[{"embeddable":true,"href":"https:\/\/eie.robertoquiros.es\/index.php?rest_route=%2Fwp%2Fv2%2Fcomments&post=1503"}],"version-history":[{"count":2,"href":"https:\/\/eie.robertoquiros.es\/index.php?rest_route=\/wp\/v2\/pages\/1503\/revisions"}],"predecessor-version":[{"id":1506,"href":"https:\/\/eie.robertoquiros.es\/index.php?rest_route=\/wp\/v2\/pages\/1503\/revisions\/1506"}],"up":[{"embeddable":true,"href":"https:\/\/eie.robertoquiros.es\/index.php?rest_route=\/wp\/v2\/pages\/1454"}],"wp:attachment":[{"href":"https:\/\/eie.robertoquiros.es\/index.php?rest_route=%2Fwp%2Fv2%2Fmedia&parent=1503"}],"curies":[{"name":"wp","href":"https:\/\/api.w.org\/{rel}","templated":true}]}}