{"id":1500,"date":"2019-10-22T08:21:47","date_gmt":"2019-10-22T07:21:47","guid":{"rendered":"http:\/\/eie.robertoquiros.es\/?page_id=1500"},"modified":"2021-11-30T20:26:31","modified_gmt":"2021-11-30T19:26:31","slug":"12-prototipos-de-producto","status":"publish","type":"page","link":"https:\/\/eie.robertoquiros.es\/?page_id=1500","title":{"rendered":"12 Prototipos de producto"},"content":{"rendered":"\n<div class=\"wp-block-file\"><a href=\"http:\/\/eie.robertoquiros.es\/wp-content\/uploads\/2019\/10\/M4_S2_Conjoint.pdf\">M4_S2_Conjoint<\/a><a href=\"http:\/\/eie.robertoquiros.es\/wp-content\/uploads\/2019\/10\/M4_S2_Conjoint.pdf\" class=\"wp-block-file__button\" download>Descarga<\/a><\/div>\n\n\n\n<p>Aplicaci\u00f3n a tu producto de la t\u00e9cnica del Conjoint: genera varios prototipos y crea una im\u00e1gen asociado a cada uno de ellos, que lo represente o simbolice.<\/p>\n<p>Selecciona uno a traves de una encuesta en Forms.<\/p>\n<p>Carga en el cuaderno el resultado o conclusi\u00f3n (.doc) \u00a0\u00a0 \u00a0<\/p>\n<p><br \/>Tarea puntuaci\u00f3n 0,58<\/p>\n","protected":false},"excerpt":{"rendered":"<p>Aplicaci\u00f3n a tu producto de la t\u00e9cnica del Conjoint: genera varios prototipos y crea una im\u00e1gen asociado a cada uno de ellos, que lo represente o simbolice. Selecciona uno a traves de una encuesta en Forms. Carga en el cuaderno &hellip; <a href=\"https:\/\/eie.robertoquiros.es\/?page_id=1500\">Sigue leyendo <span class=\"meta-nav\">&rarr;<\/span><\/a><\/p>\n","protected":false},"author":1,"featured_media":0,"parent":1454,"menu_order":12,"comment_status":"closed","ping_status":"closed","template":"","meta":{"footnotes":""},"class_list":["post-1500","page","type-page","status-publish","hentry"],"_links":{"self":[{"href":"https:\/\/eie.robertoquiros.es\/index.php?rest_route=\/wp\/v2\/pages\/1500","targetHints":{"allow":["GET"]}}],"collection":[{"href":"https:\/\/eie.robertoquiros.es\/index.php?rest_route=\/wp\/v2\/pages"}],"about":[{"href":"https:\/\/eie.robertoquiros.es\/index.php?rest_route=\/wp\/v2\/types\/page"}],"author":[{"embeddable":true,"href":"https:\/\/eie.robertoquiros.es\/index.php?rest_route=\/wp\/v2\/users\/1"}],"replies":[{"embeddable":true,"href":"https:\/\/eie.robertoquiros.es\/index.php?rest_route=%2Fwp%2Fv2%2Fcomments&post=1500"}],"version-history":[{"count":3,"href":"https:\/\/eie.robertoquiros.es\/index.php?rest_route=\/wp\/v2\/pages\/1500\/revisions"}],"predecessor-version":[{"id":1744,"href":"https:\/\/eie.robertoquiros.es\/index.php?rest_route=\/wp\/v2\/pages\/1500\/revisions\/1744"}],"up":[{"embeddable":true,"href":"https:\/\/eie.robertoquiros.es\/index.php?rest_route=\/wp\/v2\/pages\/1454"}],"wp:attachment":[{"href":"https:\/\/eie.robertoquiros.es\/index.php?rest_route=%2Fwp%2Fv2%2Fmedia&parent=1500"}],"curies":[{"name":"wp","href":"https:\/\/api.w.org\/{rel}","templated":true}]}}